{"id":3838,"date":"2026-03-03T13:13:40","date_gmt":"2026-03-03T12:13:40","guid":{"rendered":"https:\/\/love.greenroom.salon\/?post_type=product&#038;p=3838"},"modified":"2026-03-03T13:13:44","modified_gmt":"2026-03-03T12:13:44","slug":"personal-coaching","status":"publish","type":"product","link":"https:\/\/love.greenroom.salon\/?product=personal-coaching","title":{"rendered":"Personal Coaching"},"content":{"rendered":"<ul>\n<li>\n<h4>Step 1: 1-st\u00fcndiges Kennenlernmeeting via Zoom.<span class=\"Apple-converted-space\">\u00a0<\/span><\/h4>\n<\/li>\n<li>\n<h4>Step 2: Pers\u00f6nliches Kennenlernen in deinem Salon inklusive Visionsreise und gemeinsamer Ausarbeitung deiner Ziele.<\/h4>\n<\/li>\n<li>\n<h4>Step 3: Ich begleite dich 3 -6 Monate auf deiner Reise, wir entwickeln Strategien und besprechen w\u00f6chentlich deine Erfolge und Herausforderungen<\/h4>\n<\/li>\n<li>\n<h4>Step 4: Pers\u00f6nliches Recap-Meeting<\/h4>\n<\/li>\n<\/ul>\n","protected":false},"excerpt":{"rendered":"<blockquote><p>Ab 4000\u20ac &#8211; Ratenzahlung ab 1333,33\u20ac &#8211; gemeinsam finden wir f\u00fcr dich die beste Option.<\/p><\/blockquote>\n<p>Was sind deine Ziele als Unternehmer?<\/p>\n<p>Mehr Umsatz? Mehr Mitarbeiter? Mehr Freizeit? Weniger Zeit am Stuhl?<\/p>\n<p>Als Friseur-Unternehmer stehst du t\u00e4glich vor vielf\u00e4ltigen Aufgaben \u2013 von der Mitarbeiterf\u00fchrung bis zur betriebswirtschaftlichen Planung. Doch was ist dein pers\u00f6nliches Ziel? Welche Vision m\u00f6chtest du f\u00fcr dich und dein Unternehmen verwirklichen? In meinem individuellen Coaching unterst\u00fctze ich dich dabei, deine eigenen Ziele klar zu erkennen und konkrete Schritte zu entwickeln, um diese zu erreichen. In meinen fast 10 Jahren Selbstst\u00e4ndigkeit durfte ich einige Fehler machen und lernen wie wichtig Menschen und Mentoren sind die uns auf unserem Weg begleiten. Du lernst, souver\u00e4n mit Herausforderungen umzugehen und findest L\u00f6sungen, die genau zu dir und deinem Unternehmen passen. Gemeinsam begeben wir uns auf eine Visionsreise, die dir hilft, dein Potenzial voll auszusch\u00f6pfen und eine klare Richtung f\u00fcr deine Zukunft zu definieren.F\u00fchre dein Unternehmen mit Klarheit, St\u00e4rke und Leidenschaft \u2013 und erlebe, wie sich deine Vision in die Realit\u00e4t verwandelt!<\/p>\n<p>Lies in der Beschreibung unten die Schritte auf unserem gemeinsamen Weg.<\/p>\n","protected":false},"featured_media":3847,"comment_status":"open","ping_status":"closed","template":"","meta":[],"product_brand":[],"product_cat":[76],"product_tag":[],"class_list":{"0":"post-3838","1":"product","2":"type-product","3":"status-publish","4":"has-post-thumbnail","6":"product_cat-personal-coaching","8":"first","9":"instock","10":"virtual","11":"purchasable","12":"product-type-simple"},"_links":{"self":[{"href":"https:\/\/love.greenroom.salon\/index.php?rest_route=\/wp\/v2\/product\/3838","targetHints":{"allow":["GET"]}}],"collection":[{"href":"https:\/\/love.greenroom.salon\/index.php?rest_route=\/wp\/v2\/product"}],"about":[{"href":"https:\/\/love.greenroom.salon\/index.php?rest_route=\/wp\/v2\/types\/product"}],"replies":[{"embeddable":true,"href":"https:\/\/love.greenroom.salon\/index.php?rest_route=%2Fwp%2Fv2%2Fcomments&post=3838"}],"wp:featuredmedia":[{"embeddable":true,"href":"https:\/\/love.greenroom.salon\/index.php?rest_route=\/wp\/v2\/media\/3847"}],"wp:attachment":[{"href":"https:\/\/love.greenroom.salon\/index.php?rest_route=%2Fwp%2Fv2%2Fmedia&parent=3838"}],"wp:term":[{"taxonomy":"product_brand","embeddable":true,"href":"https:\/\/love.greenroom.salon\/index.php?rest_route=%2Fwp%2Fv2%2Fproduct_brand&post=3838"},{"taxonomy":"product_cat","embeddable":true,"href":"https:\/\/love.greenroom.salon\/index.php?rest_route=%2Fwp%2Fv2%2Fproduct_cat&post=3838"},{"taxonomy":"product_tag","embeddable":true,"href":"https:\/\/love.greenroom.salon\/index.php?rest_route=%2Fwp%2Fv2%2Fproduct_tag&post=3838"}],"curies":[{"name":"wp","href":"https:\/\/api.w.org\/{rel}","templated":true}]}}